{"id":489,"date":"2025-08-31T22:46:45","date_gmt":"2025-08-31T22:46:45","guid":{"rendered":"https:\/\/tlca.be\/?page_id=489"},"modified":"2025-09-01T09:04:21","modified_gmt":"2025-09-01T09:04:21","slug":"formation-a-lapplication-de-peinture-entierement-adaptee-a-votre-processus","status":"publish","type":"page","link":"https:\/\/tlca.be\/fr\/opleidingen-rond-verfapplicatie-volledig-op-maat-van-jouw-proces\/","title":{"rendered":"Cours de formation sur l'application de la peinture - enti\u00e8rement adapt\u00e9s \u00e0 votre processus"},"content":{"rendered":"<h1>Formation \u00e0 l'application de la peinture<\/h1>\n\t<section>\n<h1>Enti\u00e8rement adapt\u00e9 \u00e0 votre processus<\/h1>\n<p>Chaque application de peinture est unique. C'est pourquoi TLCA propose des formations qui <strong>100% modulaire et personnalis\u00e9<\/strong> adapt\u00e9e \u00e0 votre personnel, \u00e0 votre \u00e9quipement, \u00e0 vos processus et \u00e0 votre objectif final. Que vous travailliez avec des pistolets manuels ou que vous vous dirigiez d\u00e9j\u00e0 vers l'automatisation, nous vous proposons <strong>formations pratiques<\/strong> avec un impact direct sur l'efficacit\u00e9, la qualit\u00e9 et la s\u00e9curit\u00e9.<\/p>\n<ul>\n<li>Gericht op jouw sector en toepassing (hout, metaal, kunststoffen, &#8230;)<\/li>\n<li>Neutre et ind\u00e9pendant du fournisseur de peinture<\/li>\n<li>Pratique et technique<\/li>\n<li>Convient aux pulv\u00e9risateurs exp\u00e9riment\u00e9s, aux nouveaux employ\u00e9s et aux nouveaux venus.<\/li>\n<li>Formation dans votre environnement r\u00e9el, et non sur un panel de test standard<\/li>\n<\/ul>\n<p><a href=\"https:\/\/tlca.be\/fr\/nous-contacter\/\">Planifier un entretien gratuit<\/a><\/p>\n<\/section>\n\t<section>\n\n<\/section>\n<section>\n<h2>Modulaire opbouw &#8211; kies wat relevant is voor jouw proces<\/h2>\n<p>Nos cours se composent de modules librement combinables. Nous commen\u00e7ons par un entretien d'admission, nous d\u00e9terminons les <strong>objectifs d'apprentissage<\/strong> et de mettre en place un cours avec un bon \u00e9quilibre entre la th\u00e9orie, la pratique et l'apprentissage. <strong>coaching sur place<\/strong>.<\/p>\n<\/section>\n<section>\n<h2>Enti\u00e8rement personnalis\u00e9 ? Pas de probl\u00e8me.<\/h2>\n<p>Vous souhaitez une combinaison de techniques, un rafra\u00eechissement d'une demi-journ\u00e9e ou une formation approfondie de plusieurs jours ? Tout est n\u00e9gociable. TLCA propose <strong>cours internes<\/strong>, praktijkdemo&#8217;s en workshops voor zowel nieuwe als ervaren spuiters.<\/p>\n<p><a href=\"https:\/\/tlca.be\/fr\/nous-contacter\/\">Cr\u00e9ez votre module de formation sur mesure<\/a><\/p>\n<\/section>\n\t<section id=\"module-intro\">\n<h3>Introduction \u00e0 l'application par pulv\u00e9risation<\/h3>\n<p>La base id\u00e9ale pour tout op\u00e9rateur en technologie de pulv\u00e9risation. Apprenez les <strong>principes de base de l'atomisation<\/strong>les mod\u00e8les de pulv\u00e9risation, les r\u00e9glages du d\u00e9bit et de la pression d'air, et <strong>travail en toute s\u00e9curit\u00e9<\/strong> avec un \u00e9quipement de pulv\u00e9risation.<\/p>\n<ul>\n<li>Lecture d'images en spray : motif, chevauchement, distance, vitesse<\/li>\n<li>D\u00e9termination de la buse\/l'aiguille, de la pression et de la viscosit\u00e9 du mat\u00e9riau<\/li>\n<\/ul>\n<p><em><strong>Objectif : une mise en service plus rapide, moins de pertes de mat\u00e9riel et une finition coh\u00e9rente.<\/strong><\/em><\/p>\n<p><a href=\"https:\/\/tlca.be\/fr\/nous-contacter\/\">Planifiez votre formation d'introduction<\/a><\/p>\n<\/section>\n\t<section id=\"module-hvlp\">\n<h3>Atomisation \u00e0 basse pression<\/h3>\n<p>Pour un <strong>finition soign\u00e9e<\/strong> en mettant l'accent sur <strong>efficacit\u00e9 du transfert<\/strong> et <strong>faible consommation d'air<\/strong>.<\/p>\n<ul>\n<li>HVLP vs LVLP : choix du pistolet, de la buse et du godet<\/li>\n<li>Optimisation de la consommation d'air et de la viscosit\u00e9 du mat\u00e9riau<\/li>\n<li>Limitation de l'overspray et post-traitement<\/li>\n<\/ul>\n<p><em><strong>R\u00e9sultat : moins de post-traitement, une surface plus serr\u00e9e, un co\u00fbt inf\u00e9rieur par pi\u00e8ce.<\/strong><\/em><\/p>\n<p><strong><a href=\"https:\/\/tlca.be\/fr\/la-technologie-datomisation-a-basse-pression-un-apercu-informatif\/\">\u2794 En savoir plus sur l'atomisation \u00e0 basse pression<\/a><\/strong><\/p>\n<p><a href=\"https:\/\/tlca.be\/fr\/nous-contacter\/\">D\u00e9couvrez la formation HVLP\/LVLP<\/a><\/p>\n<\/section>\n\t<section id=\"module-estat\">\n<h3>Pulv\u00e9risation \u00e9lectrostatique<\/h3>\n<p>Combiner <strong>efficacit\u00e9 et pr\u00e9cision<\/strong> avec une charge \u00e9lectrostatique. Apprenez les param\u00e8tres et <strong>les facteurs environnementaux<\/strong> la d\u00e9termination du d\u00e9p\u00f4t et de la s\u00e9curit\u00e9.<\/p>\n<ul>\n<li>Mise \u00e0 la terre, conductivit\u00e9 et lignes de champ dans la pratique<\/li>\n<li>Param\u00e8tres : kV, microamp\u00e8re, distance, vitesse<\/li>\n<li>Substrat : tous les objets qui sont conducteurs et peuvent \u00eatre mis \u00e0 la terre.<\/li>\n<\/ul>\n<p><em><strong>R\u00e9sultat : un rendement maximal, une pulv\u00e9risation minimale et une couverture constante.<\/strong><\/em><\/p>\n<strong><a href=\"https:\/\/tlca.be\/fr\/pulverisation-electrostatique-industrie-du-bois\/\">\u2794 En savoir plus sur la pulv\u00e9risation \u00e9lectrostatique dans l'industrie du bois<\/a><\/strong><br \/>\n<a href=\"https:\/\/tlca.be\/fr\/techtalk\/\"><strong>\u2794 Plus de TechTalk sur les techniques de pulv\u00e9risation<\/strong><\/a>\n<p><a href=\"https:\/\/tlca.be\/fr\/nous-contacter\/\">Demander une formation en \u00e9lectrostatique<\/a><\/p>\n<\/section>\n\t<section id=\"module-2k3k\">\n<h3>Syst\u00e8mes de dosage 2K \/ 3K et syst\u00e8mes d'\u00e9change (session informative)<\/h3>\n<p>De <strong>rin\u00e7age manuel<\/strong> \u00e0 <strong>changement de couleur enti\u00e8rement automatique<\/strong>. Optimiser <strong>rapport de m\u00e9lange, dur\u00e9e de vie en pot<\/strong> et des param\u00e8tres pour minimiser les temps d'arr\u00eat et les d\u00e9chets.<\/p>\n<ul>\n<li>Configuration et \u00e9talonnage des syst\u00e8mes de dosage 2K\/3K<\/li>\n<li>Automatisation du changement de couleur, des recettes de rin\u00e7age et de l'enregistrement<\/li>\n<\/ul>\n<p><em><strong>R\u00e9sultat : moins de consommation, moins de temps d'arr\u00eat, plus de reproductibilit\u00e9.<\/strong><\/em><\/p>\n<p><strong><a href=\"https:\/\/tlca.be\/fr\/moins-de-pertes-plus-de-controle-ecosupply-p-core-optimise-les-changements-de-couleur-dans-la-chaine-de-peinture\/\">\u2794 En savoir plus sur EcoSupply P Core &amp; colour changes<\/a><\/strong><\/p>\n<p><a href=\"https:\/\/tlca.be\/fr\/nous-contacter\/\">Choisissez votre entra\u00eenement 2K\/3K<\/a><\/p>\n<\/section>\n\t<section id=\"module-verfkeuken\">\n<h3>Peinture cuisine et pr\u00e9paration<\/h3>\n<p>Poser les bases d'une <strong>processus de rev\u00eatement stable<\/strong>: stockage, <strong>filtration<\/strong>Remuer et <strong>gestion de la temp\u00e9rature<\/strong>.<\/p>\n<ul>\n<li>M\u00e9lange manuel, contr\u00f4le de la viscosit\u00e9 et de la temp\u00e9rature<\/li>\n<li>S\u00e9lection des filtres, r\u00e9gimes d'agitation et pr\u00e9vention de la contamination<\/li>\n<li>Visualisation des proc\u00e9dures<\/li>\n<\/ul>\n<p><strong><em>R\u00e9sultat : une qualit\u00e9 constante avant m\u00eame que la peinture n'atteigne le pistolet.<\/em><\/strong><\/p>\n<p><strong><a href=\"https:\/\/tlca.be\/fr\/techtalk\/\">\u2794 Lire d'autres conseils et cas dans TechTalk<\/a><\/strong><\/p>\n<p><a href=\"https:\/\/tlca.be\/fr\/nous-contacter\/\">Suivre le cours de peinture en cuisine<\/a><\/p>\n<\/section>\n\t<section id=\"module-kwaliteit\">\n<h3>Contr\u00f4le de la qualit\u00e9 et d\u00e9pannage<\/h3>\n<p>Reconna\u00eetre et r\u00e9parer <strong>erreurs d'application<\/strong> et d'optimiser les r\u00e9glages dans l'atelier.<\/p>\n<ul>\n<li>D\u00e9fauts courants : peau d'orange, affaissements, inclusions dans le tissu.<\/li>\n<li>Mesure de l'\u00e9paisseur et de la brillance du rev\u00eatement (humide\/sec), tests d'adh\u00e9rence<\/li>\n<li>Analyse des causes : mat\u00e9riel, homme, machine, m\u00e9thode, environnement<\/li>\n<\/ul>\n<p><em><strong>R\u00e9sultat : moins de temps d'arr\u00eat, un temps de cycle plus court, un meilleur taux de r\u00e9ussite au premier essai.<\/strong><\/em><\/p>\n<p><strong><a href=\"https:\/\/tlca.be\/fr\/techtalk\/\">\u2794 En savoir plus sur les erreurs de pulv\u00e9risation et l'optimisation<\/a><\/strong><\/p>\n<p><a href=\"https:\/\/tlca.be\/fr\/nous-contacter\/\">Planifiez votre atelier de d\u00e9pannage<\/a><\/p>\n<\/section>\n\t<section id=\"module-airless\">\n<h3>Airless et Airless assist\u00e9<\/h3>\n<p>Le bon choix pour <strong>des couches plus \u00e9paisses<\/strong>Les grandes surfaces et les <strong>applications rapides<\/strong>. Comparer <strong>Airless<\/strong> avec <strong>soutien a\u00e9rien<\/strong> pour les objets industriels, l'acier et la construction m\u00e9canique.<\/p>\n<ul>\n<li>Choix de l'embout, r\u00e9glage de la pompe, diam\u00e8tre du tuyau et filtres<\/li>\n<li>\u00c9vite les stries et l'affaissement, \u00e9paisseur de couche uniforme<\/li>\n<li>Entretien et s\u00e9curit\u00e9 : haute pression, recul, blindage<\/li>\n<\/ul>\n<p><em><strong>R\u00e9sultat : une vitesse de production plus \u00e9lev\u00e9e avec une accumulation de film contr\u00f4l\u00e9e.<\/strong><\/em><\/p>\n<p><strong><a href=\"https:\/\/tlca.be\/fr\/atomisation-a-haute-pression-la-puissance-des-techniques-de-pulverisation-airless-et-airless-assistee\/\">\u2794 En savoir plus sur l'atomisation \u00e0 haute pression <\/a><\/strong><\/p>\n<p><a href=\"https:\/\/tlca.be\/fr\/nous-contacter\/\">R\u00e9servez votre formation Airless<\/a><\/p>\n<\/section>\n\t\n<section id=\"contact\">\n<h2>Pr\u00eat \u00e0 optimiser votre processus de candidature gr\u00e2ce \u00e0 la formation ?<\/h2>\n<p>Demander un <strong>admission gratuite<\/strong> \u00e0. Nous analysons votre processus et proposons un parcours modulaire ayant un impact direct sur <strong>la qualit\u00e9, l'efficacit\u00e9 et la s\u00e9curit\u00e9<\/strong>.<\/p>\n<p><a href=\"https:\/\/tlca.be\/fr\/nous-contacter\/\">Prendre contact<\/a><\/p>\n<\/section>\n\t<h1>FAQ<\/h1>\n\t<section>\n<h1>Des questions sur la formation \u00e0 l'application de la peinture ?<\/h1>\n\n<\/section>\n\t\t\t\tQuelle est la dur\u00e9e d'une formation ?\n\t\t\t\t\t<p>D'une demi-journ\u00e9e de remise \u00e0 niveau \u00e0 des programmes de plusieurs jours avec accompagnement pratique. Nous adaptons la dur\u00e9e aux objectifs et \u00e0 la planification.<\/p>\n\t\t\t\tPouvons-nous dispenser une formation sur place, dans notre propre cabine de peinture ?\n\t\t\t\t\t<p>Oui, nous pr\u00e9f\u00e9rons travailler dans votre environnement r\u00e9el pour acc\u00e9l\u00e9rer la courbe d'apprentissage et obtenir des r\u00e9sultats imm\u00e9diats.<\/p>\n\t\t\t\tLa formation est-elle ind\u00e9pendante de la marque ?\n\t\t\t\t\t<p>TLCA est neutre et ind\u00e9pendant des fournisseurs de peinture. Nous nous concentrons sur la technologie et la stabilit\u00e9 des processus.<\/p>\n\t\t\t\tQuels sont les secteurs concern\u00e9s ?\n\t\t\t\t\t<p>Bois (int\u00e9rieur, menuiserie), m\u00e9tal (acier, construction m\u00e9canique) et plastiques. Possibilit\u00e9 de personnalisation pour d'autres secteurs.<\/p>","protected":false},"excerpt":{"rendered":"<p>Opleidingen rond verfapplicatie Volledig op maat van jouw proces Elke verfapplicatie is uniek. Daarom biedt TLCA opleidingen die 100% modulair en op maat zijn, afgestemd op jouw mensen, apparatuur, processen en einddoel. Of je nu met manuele pistolen werkt of al richting automatisatie evolueert, wij zorgen voor praktijkgerichte trainingen met directe impact op rendement, kwaliteit&hellip;<\/p>","protected":false},"author":1,"featured_media":0,"parent":0,"menu_order":0,"comment_status":"closed","ping_status":"closed","template":"","meta":{"_acf_changed":false,"_seopress_robots_primary_cat":"","_seopress_titles_title":"Opleidingen verfapplicatie op maat | TLCA trainingsmodules","_seopress_titles_desc":"Praktijkgerichte verfapplicatie-opleidingen op maat: HVLP\/LVLP, Airless\/AAA, elektrostatisch, 2K\/3K, verfkeuken & kwaliteitscontrole.","_seopress_robots_index":"","footnotes":""},"class_list":["post-489","page","type-page","status-publish","hentry"],"acf":[],"_links":{"self":[{"href":"https:\/\/tlca.be\/fr\/wp-json\/wp\/v2\/pages\/489","targetHints":{"allow":["GET"]}}],"collection":[{"href":"https:\/\/tlca.be\/fr\/wp-json\/wp\/v2\/pages"}],"about":[{"href":"https:\/\/tlca.be\/fr\/wp-json\/wp\/v2\/types\/page"}],"author":[{"embeddable":true,"href":"https:\/\/tlca.be\/fr\/wp-json\/wp\/v2\/users\/1"}],"replies":[{"embeddable":true,"href":"https:\/\/tlca.be\/fr\/wp-json\/wp\/v2\/comments?post=489"}],"version-history":[{"count":19,"href":"https:\/\/tlca.be\/fr\/wp-json\/wp\/v2\/pages\/489\/revisions"}],"predecessor-version":[{"id":516,"href":"https:\/\/tlca.be\/fr\/wp-json\/wp\/v2\/pages\/489\/revisions\/516"}],"wp:attachment":[{"href":"https:\/\/tlca.be\/fr\/wp-json\/wp\/v2\/media?parent=489"}],"curies":[{"name":"wp","href":"https:\/\/api.w.org\/{rel}","templated":true}]}}