{"id":15,"date":"2020-01-20T11:27:16","date_gmt":"2020-01-20T11:27:16","guid":{"rendered":"https:\/\/tlca.be\/?page_id=15"},"modified":"2026-02-02T15:00:53","modified_gmt":"2026-02-02T15:00:53","slug":"welkom-bij-tlca","status":"publish","type":"page","link":"https:\/\/tlca.be\/fr\/","title":{"rendered":"Sp\u00e9cialiste des proc\u00e9d\u00e9s de peinture et des rev\u00eatements"},"content":{"rendered":"<h1>Sp\u00e9cialiste des proc\u00e9d\u00e9s de peinture et de leur application<\/h1>\n<figure itemscope itemtype=\"https:\/\/schema.org\/ImageObject\">\n\t\t\t\t<img decoding=\"async\" src=\"https:\/\/tlca.be\/wp-content\/uploads\/2019\/12\/cropped-TLCA_logo-e1579532574394-300x300.png\" alt=\"https:\/\/tlca.be\/wp-content\/uploads\/2019\/12\/cropped-TLCA_logo-e1579532574394.png\" height=\"300\" width=\"300\" title=\"cropped-TLCA_logo-e1579532574394.png\" onerror=\"this.style.display='none'\" loading=\"lazy\" \/>\n\t<\/figure>\n\t<p>TLCA est une entreprise jeune et dynamique qui poss\u00e8de plus de 20 ans d'exp\u00e9rience dans l'industrie de la peinture et du rev\u00eatement. Nous sommes sp\u00e9cialis\u00e9s dans l'optimisation, la modernisation et le d\u00e9veloppement de processus de peinture et d'applications de rev\u00eatement. Qu'il s'agisse de lancer un nouveau processus, d'am\u00e9liorer les syst\u00e8mes existants ou de mettre en \u0153uvre des applications automatis\u00e9es, TLCA est le partenaire id\u00e9al pour faire passer vos processus de peinture au niveau sup\u00e9rieur.<\/p>\n\t<p>Services<\/p>\n\t<h2>Optimisation et modernisation des proc\u00e9d\u00e9s de peinture<\/h2>\n<p>Nous vous aidons \u00e0 am\u00e9liorer et \u00e0 moderniser les m\u00e9thodes de peinture et de pulv\u00e9risation existantes afin qu'elles r\u00e9pondent au mieux \u00e0 vos besoins de production sp\u00e9cifiques. Il s'agit notamment d'adapter les r\u00e9glages, les techniques de pulv\u00e9risation et les syst\u00e8mes pour un processus plus efficace et plus durable.<\/p>\n\t<h2>D\u00e9veloppement de nouveaux proc\u00e9d\u00e9s de peinture<\/h2>\n<p>Qu'ils soient manuels ou (semi-)automatis\u00e9s, nous d\u00e9veloppons de nouveaux proc\u00e9d\u00e9s de rev\u00eatement qui r\u00e9pondent parfaitement \u00e0 vos exigences en mati\u00e8re de produits et d'applications. A l'aff\u00fbt des derni\u00e8res technologies et techniques, nous vous proposons la meilleure solution pour votre entreprise.<\/p>\n\t<h2>Automatisation et int\u00e9gration<\/h2>\n<p>De la simple automatisation des processus de pulv\u00e9risation \u00e0 l'int\u00e9gration compl\u00e8te de syst\u00e8mes de dosage automatique (2K-3K), nous proposons des solutions d'automatisation personnalis\u00e9es qui augmentent l'efficacit\u00e9 et la pr\u00e9cision de votre production.<\/p>\n\t<h2>Entretien et r\u00e9parations<\/h2>\n<p>Nous proposons des services complets d'entretien et de r\u00e9paration pour vos pompes, pistolets, syst\u00e8mes 2K et 3K et autres \u00e9quipements d'application de peinture. Ces services comprennent \u00e0 la fois l'entretien pr\u00e9ventif et les r\u00e9parations rapides, effectu\u00e9s par nos techniciens exp\u00e9riment\u00e9s dans notre atelier interne.<\/p>\n\t<p>Produits<\/p>\n\t<h2>Techniques et syst\u00e8mes de pulv\u00e9risation<\/h2>\n<p>Nos techniques de pulv\u00e9risation comprennent des applications manuelles et automatiques, avec des syst\u00e8mes \u00e0 basse pression, \u00e0 haute pression, \u00e9lectrostatiques, Airless et Airless assist\u00e9. En outre, nous proposons des syst\u00e8mes rotatifs et \u00e0 cloche pour les applications de pr\u00e9cision. Nous fournissons l'\u00e9quipement ad\u00e9quat pour r\u00e9pondre aux exigences de vos applications sp\u00e9cifiques.<\/p>\n\t<h2>Syst\u00e8mes d'approvisionnement et de distribution de peinture<\/h2>\n<p>Nous proposons une large gamme de syst\u00e8mes pour les applications de peinture et de rev\u00eatement, tels que des pompes haute et basse pression, des r\u00e9servoirs sous pression, des syst\u00e8mes de dosage 2K et 3K et des syst\u00e8mes de changement de couleur. Nos solutions garantissent un approvisionnement constant et pr\u00e9cis en peinture et une utilisation efficace des mat\u00e9riaux.<\/p>\n\t<h2>Accessoires<\/h2>\n<p>Des filtres et r\u00e9gulateurs de pression des fluides aux conduites de peinture, conduites d'air et ensembles complets de tuyaux personnalis\u00e9s, nous proposons tous les accessoires dont vous avez besoin pour un processus de pulv\u00e9risation optimal. Tout est personnalis\u00e9 en fonction des exigences de votre production.<\/p>\n\t<h2>Mat\u00e9riel de cirage et de collage<\/h2>\n<p>Nos dispositifs et syst\u00e8mes d'application de plaques suiveuses RAM offrent la technologie ad\u00e9quate pour l'application de cire, d'adh\u00e9sifs et de mat\u00e9riaux d'\u00e9tanch\u00e9it\u00e9. Vous pouvez ainsi am\u00e9liorer la qualit\u00e9 et l'efficacit\u00e9 des processus de rev\u00eatement et d'assemblage.<\/p>\n\t<h2>Laboratoire et \u00e9quipement<\/h2>\n<p>Nous concevons et fournissons des solutions de haute qualit\u00e9 pour les laboratoires et les lieux de travail, notamment des tables de m\u00e9lange en acier inoxydable, des nettoyeurs de pistolets et d'autres \u00e9quipements. Cela contribue \u00e0 un environnement de travail s\u00fbr et efficace pour le m\u00e9lange et le traitement des rev\u00eatements.<\/p>\n\t<p>Soutien<\/p>\n\t<h2>Entretien et r\u00e9paration<\/h2>\n<p>Outre la fourniture d'\u00e9quipements, nous proposons des services de maintenance complets. Du nettoyage des pi\u00e8ces \u00e0 l'ex\u00e9cution des r\u00e9parations et \u00e0 la fourniture de pi\u00e8ces de rechange pour diff\u00e9rentes marques et diff\u00e9rents syst\u00e8mes, nous assurons le fonctionnement optimal de vos installations.<\/p>\n\t<h2>M\u00e9thodes de nettoyage<\/h2>\n<p>En fonction du substrat et des mat\u00e9riaux utilis\u00e9s, nous proposons diff\u00e9rentes m\u00e9thodes de nettoyage des pi\u00e8ces pour que votre \u00e9quipement soit toujours en parfait \u00e9tat. Cela permet de r\u00e9duire les temps d'arr\u00eat et de prolonger la dur\u00e9e de vie de vos machines.<\/p>\n\t<p>Partenaires<\/p>\n<figure itemscope itemtype=\"https:\/\/schema.org\/ImageObject\">\n\t\t\t\t<a href=\"https:\/\/www.durr.com\/en\"  target=\"_blank\" rel=\"noopener\"  itemprop=\"url\">\n\t\t\t\t<img decoding=\"async\" src=\"https:\/\/tlca.be\/wp-content\/uploads\/2025\/09\/durr_businesspartner-scaled.png\" alt=\"Durr_BusinessPartner\" height=\"2560\" width=\"2560\" title=\"Durr_BusinessPartner\" onerror=\"this.style.display='none'\" loading=\"lazy\" \/>\n\t\t\t\t<\/a>\n\t<\/figure>\n\t<p>TLCA BV est le distributeur agr\u00e9\u00e9 de D\u00fcrr Systems AG, un acteur mondialement reconnu dans le domaine des processus de peinture automatis\u00e9s dans le secteur automobile. D\u00fcrr a des ann\u00e9es d'exp\u00e9rience dans le d\u00e9veloppement et la production de lignes de peinture avanc\u00e9es et offre une gamme compl\u00e8te de syst\u00e8mes pour l'industrie en g\u00e9n\u00e9ral.<\/p>\n<figure itemscope itemtype=\"https:\/\/schema.org\/ImageObject\">\n\t\t\t\t<a href=\"https:\/\/www.btecsystems.de\"  target=\"_blank\" rel=\"noopener\"  itemprop=\"url\">\n\t\t\t\t<img decoding=\"async\" src=\"https:\/\/tlca.be\/wp-content\/uploads\/2025\/01\/b-tec-logo-rgb-digital.png\" alt=\"B-Tec Logo RGB (DIGITAL)\" height=\"357\" width=\"1522\" title=\"B-Tec Logo RGB (DIGITAL)\" onerror=\"this.style.display='none'\" loading=\"lazy\" \/>\n\t\t\t\t<\/a>\n\t<\/figure>\n\t<p>TLCA BV est le distributeur de Btecsystems, qui propose des solutions avanc\u00e9es pour les processus de peinture automatis\u00e9s. Btecsystems est un fournisseur mondialement reconnu d'\u00e9quipements innovants, \u00e9cologiques et ergonomiques pour l'industrie de la peinture, qui met l'accent sur l'efficacit\u00e9 et la satisfaction du client. L'entreprise d\u00e9veloppe des syst\u00e8mes qui contribuent \u00e0 des lieux de travail durables et s\u00fbrs, et est un acteur majeur du secteur automobile et de l'industrie au sens large.<\/p>\n<figure itemscope itemtype=\"https:\/\/schema.org\/ImageObject\">\n\t\t\t\t<a href=\"https:\/\/www.oltrogge.de\/de\/\"  target=\"_blank\" rel=\"noopener\"  itemprop=\"url\">\n\t\t\t\t<img decoding=\"async\" src=\"https:\/\/tlca.be\/wp-content\/uploads\/2025\/01\/logo_oltrogge_4c.png\" alt=\"Logo_Oltrogge_4C\" height=\"459\" width=\"3209\" title=\"Logo_Oltrogge_4C\" onerror=\"this.style.display='none'\" loading=\"lazy\" \/>\n\t\t\t\t<\/a>\n\t<\/figure>\n<p>TLCA BV est le distributeur d'Oltrogge, offrant des solutions avanc\u00e9es pour l'industrie de la peinture. Oltrogge est une entreprise de renomm\u00e9e internationale qui fournit des syst\u00e8mes innovants et de haute qualit\u00e9 pour les processus de peinture et de rev\u00eatement. En mettant l'accent sur la durabilit\u00e9, la s\u00e9curit\u00e9 et l'ergonomie, Oltrogge aide les entreprises du monde entier \u00e0 travailler plus efficacement et dans le respect de l'environnement. L'entreprise est un acteur majeur dans divers secteurs, dont l'industrie automobile.<\/p>\n\t<p>Nous fournissons des ensembles de pulv\u00e9risation autonomes, des pistolets de pulv\u00e9risation, des syst\u00e8mes d'alimentation en peinture, des syst\u00e8mes de distribution 2K-3K et d'autres technologies avanc\u00e9es, qu'elles soient ou non li\u00e9es \u00e0 des applications automatis\u00e9es. Tous ces mat\u00e9riaux et syst\u00e8mes sont d\u00e9velopp\u00e9s dans un souci de durabilit\u00e9, d'efficacit\u00e9 et de consommation, afin que vos processus soient non seulement rentables, mais qu'ils contribuent \u00e9galement \u00e0 un processus de production plus durable.<\/p>","protected":false},"excerpt":{"rendered":"<p>Sp\u00e9cialiste des proc\u00e9d\u00e9s et applications de peinture TLCA est une entreprise jeune et dynamique qui compte plus de 20 ans d'exp\u00e9rience dans l'industrie des peintures et des rev\u00eatements. Nous sommes sp\u00e9cialis\u00e9s dans l'optimisation, la modernisation et le d\u00e9veloppement de processus de peinture et d'applications de rev\u00eatement. Qu'il s'agisse de lancer un nouveau processus, d'am\u00e9liorer les syst\u00e8mes existants ou de mettre en \u0153uvre...<\/p>","protected":false},"author":1,"featured_media":0,"parent":0,"menu_order":0,"comment_status":"closed","ping_status":"closed","template":"","meta":{"_acf_changed":false,"_seopress_robots_primary_cat":"","_seopress_titles_title":"Specialist in Lakprocessen en Coatings voor diverse sectoren","_seopress_titles_desc":"TLCA is uw partner voor het optimaliseren en automatiseren van lakprocessen en coatings. Wij bieden op maat gemaakte oplossingen voor sectoren vari\u00ebrend van metaal tot automotive en aerospace.","_seopress_robots_index":"","footnotes":""},"class_list":["post-15","page","type-page","status-publish","hentry"],"acf":[],"_links":{"self":[{"href":"https:\/\/tlca.be\/fr\/wp-json\/wp\/v2\/pages\/15","targetHints":{"allow":["GET"]}}],"collection":[{"href":"https:\/\/tlca.be\/fr\/wp-json\/wp\/v2\/pages"}],"about":[{"href":"https:\/\/tlca.be\/fr\/wp-json\/wp\/v2\/types\/page"}],"author":[{"embeddable":true,"href":"https:\/\/tlca.be\/fr\/wp-json\/wp\/v2\/users\/1"}],"replies":[{"embeddable":true,"href":"https:\/\/tlca.be\/fr\/wp-json\/wp\/v2\/comments?post=15"}],"version-history":[{"count":11,"href":"https:\/\/tlca.be\/fr\/wp-json\/wp\/v2\/pages\/15\/revisions"}],"predecessor-version":[{"id":643,"href":"https:\/\/tlca.be\/fr\/wp-json\/wp\/v2\/pages\/15\/revisions\/643"}],"wp:attachment":[{"href":"https:\/\/tlca.be\/fr\/wp-json\/wp\/v2\/media?parent=15"}],"curies":[{"name":"wp","href":"https:\/\/api.w.org\/{rel}","templated":true}]}}